{"id":80,"date":"2022-05-25T15:05:02","date_gmt":"2022-05-25T13:05:02","guid":{"rendered":"https:\/\/ceepus.rgf.bg.ac.rs\/?page_id=80"},"modified":"2025-06-13T09:40:47","modified_gmt":"2025-06-13T07:40:47","slug":"dissemination","status":"publish","type":"page","link":"https:\/\/ceepus.rgf.bg.ac.rs\/?page_id=80","title":{"rendered":"Dissemination"},"content":{"rendered":"<div class=\"wp-block-image\">\n<figure class=\"alignright\"><a href=\"https:\/\/ceepus.rgf.bg.ac.rs\/wp-content\/uploads\/2024\/10\/Saric-et-al-Ohrid-2024-CEEPUS.pdf\"><img loading=\"lazy\" decoding=\"async\" width=\"57\" height=\"57\" src=\"https:\/\/ceepus.rgf.bg.ac.rs\/wp-content\/uploads\/2022\/05\/pdf-icon-png-60x60-1-e1653568812497.png\" alt=\"\" class=\"wp-image-239\" srcset=\"https:\/\/ceepus.rgf.bg.ac.rs\/wp-content\/uploads\/2022\/05\/pdf-icon-png-60x60-1-e1653568812497.png 57w, https:\/\/ceepus.rgf.bg.ac.rs\/wp-content\/uploads\/2022\/05\/pdf-icon-png-60x60-1-e1653568812497-50x50.png 50w\" sizes=\"auto, (max-width: 57px) 100vw, 57px\" \/><\/a><\/figure>\n<\/div>\n\n\n<p>\u0160ari\u0107, K., Prelevi\u0107, D., Marjanovi\u0107, M., Stojadinovi\u0107, U., Simi\u0107, V., 2024: Improvement of education through the cooperation between CEEPUS EURO Geo-Sci network and scientific projects: examples from UB-FMG. Eds: B. Boev, T. Serafimovski, V Congress of the Geologists of Republic of North Macedonia: \u201cGeology in a changing world\u201d, Ohrid, September 27-29, 2024, Spec. issue of Geologica Macedonica,No. 6, 56-57.<\/p>\n\n\n<div class=\"wp-block-image\">\n<figure class=\"alignright\"><a href=\"https:\/\/ceepus.rgf.bg.ac.rs\/wp-content\/uploads\/2024\/10\/Presentation-Ohrid.pdf\"><img loading=\"lazy\" decoding=\"async\" width=\"57\" height=\"57\" src=\"https:\/\/ceepus.rgf.bg.ac.rs\/wp-content\/uploads\/2022\/05\/pdf-icon-png-60x60-1-e1653568812497.png\" alt=\"\" class=\"wp-image-239\" srcset=\"https:\/\/ceepus.rgf.bg.ac.rs\/wp-content\/uploads\/2022\/05\/pdf-icon-png-60x60-1-e1653568812497.png 57w, https:\/\/ceepus.rgf.bg.ac.rs\/wp-content\/uploads\/2022\/05\/pdf-icon-png-60x60-1-e1653568812497-50x50.png 50w\" sizes=\"auto, (max-width: 57px) 100vw, 57px\" \/><\/a><\/figure>\n<\/div>\n\n\n<p>Presentation: &#8220;Improvement of education through the cooperation between CEEPUS EURO Geo-Sci network and scientific projects: examples from UB-FMG&#8221;.<\/p>\n\n\n\n<hr class=\"wp-block-separator has-alpha-channel-opacity is-style-wide\"\/>\n\n\n<div class=\"wp-block-image\">\n<figure class=\"alignright\"><a href=\"https:\/\/ceepus.rgf.bg.ac.rs\/wp-content\/uploads\/2023\/10\/Borojevic-Sostaric-and-Saric-CEEPUS-Porec-2023.pdf\"><img loading=\"lazy\" decoding=\"async\" width=\"57\" height=\"57\" src=\"https:\/\/ceepus.rgf.bg.ac.rs\/wp-content\/uploads\/2022\/05\/pdf-icon-png-60x60-1-e1653568812497.png\" alt=\"\" class=\"wp-image-239\" srcset=\"https:\/\/ceepus.rgf.bg.ac.rs\/wp-content\/uploads\/2022\/05\/pdf-icon-png-60x60-1-e1653568812497.png 57w, https:\/\/ceepus.rgf.bg.ac.rs\/wp-content\/uploads\/2022\/05\/pdf-icon-png-60x60-1-e1653568812497-50x50.png 50w\" sizes=\"auto, (max-width: 57px) 100vw, 57px\" \/><\/a><\/figure>\n<\/div>\n\n\n<p>Borojevi\u0107 \u0160o\u0161tari\u0107, S., \u0160ari\u0107, K., 2023: CEEPUS Network CIII-RS-0038: recognition of challenges in geological education in South-Eastern Europe and prompt responds. 7th Croatian Geological Congress with international participation), Pore\u010d 02.\u201304.10.2023, 27-28. ISSN 1849-7713.<\/p>\n\n\n<div class=\"wp-block-image\">\n<figure class=\"alignright\"><a href=\"https:\/\/ceepus.rgf.bg.ac.rs\/wp-content\/uploads\/2023\/10\/Borojevic_Sostaric_Saric_-Porec.pdf\"><img loading=\"lazy\" decoding=\"async\" width=\"57\" height=\"57\" src=\"https:\/\/ceepus.rgf.bg.ac.rs\/wp-content\/uploads\/2022\/05\/pdf-icon-png-60x60-1-e1653568812497.png\" alt=\"\" class=\"wp-image-239\" srcset=\"https:\/\/ceepus.rgf.bg.ac.rs\/wp-content\/uploads\/2022\/05\/pdf-icon-png-60x60-1-e1653568812497.png 57w, https:\/\/ceepus.rgf.bg.ac.rs\/wp-content\/uploads\/2022\/05\/pdf-icon-png-60x60-1-e1653568812497-50x50.png 50w\" sizes=\"auto, (max-width: 57px) 100vw, 57px\" \/><\/a><\/figure>\n<\/div>\n\n\n<p>Presentation: &#8220;CEEPUS Network CIII-RS-0038: recognition of challenges in geological education in South-Eastern Europe and prompt responds&#8221;.<\/p>\n\n\n\n<hr class=\"wp-block-separator has-alpha-channel-opacity is-style-wide\"\/>\n\n\n<div class=\"wp-block-image\">\n<figure class=\"alignright\"><a href=\"https:\/\/ceepus.rgf.bg.ac.rs\/wp-content\/uploads\/2023\/09\/Saric-et-al-full-paper-Neum-2023.pdf\"><img loading=\"lazy\" decoding=\"async\" width=\"57\" height=\"57\" src=\"https:\/\/ceepus.rgf.bg.ac.rs\/wp-content\/uploads\/2022\/05\/pdf-icon-png-60x60-1-e1653568812497.png\" alt=\"\" class=\"wp-image-239\" srcset=\"https:\/\/ceepus.rgf.bg.ac.rs\/wp-content\/uploads\/2022\/05\/pdf-icon-png-60x60-1-e1653568812497.png 57w, https:\/\/ceepus.rgf.bg.ac.rs\/wp-content\/uploads\/2022\/05\/pdf-icon-png-60x60-1-e1653568812497-50x50.png 50w\" sizes=\"auto, (max-width: 57px) 100vw, 57px\" \/><\/a><\/figure>\n<\/div>\n\n\n<p>\u0160ari\u0107, K., Fociro, A., Wagreich, M., Ortner, H., von Hagke, Ch, Gawlick, H-J., Gerl\u0161ov\u00e1, E., Babaji\u0107, E., Tiblja\u0161, D., Borojevi\u0107 \u0160o\u0161tari\u0107, S., Kazmer, M., Burda, J., Machaniec, E., Trojanowska Olichwer, A., G\u00e1l, \u00c1., Tibuleac, P., Gale, L., Nemec, O., Duri\u0161ka, I., H\u00f6ck, V., Ionescu, C., 2023: CEEPUS network CIII-RS-0038: More than two decades of supporting current educational and scientific trends in geosciences. III Congress of Geologists of Bosnia and Herzegovina with international participation, Neum, September 20-23, 2023. Proceedings,&nbsp; 9 pages.<\/p>\n\n\n<div class=\"wp-block-image\">\n<figure class=\"alignright\"><a href=\"https:\/\/ceepus.rgf.bg.ac.rs\/wp-content\/uploads\/2023\/09\/Saric-et-al-abstract-Neum-2023.pdf\"><img loading=\"lazy\" decoding=\"async\" width=\"57\" height=\"57\" src=\"https:\/\/ceepus.rgf.bg.ac.rs\/wp-content\/uploads\/2022\/05\/pdf-icon-png-60x60-1-e1653568812497.png\" alt=\"\" class=\"wp-image-239\" srcset=\"https:\/\/ceepus.rgf.bg.ac.rs\/wp-content\/uploads\/2022\/05\/pdf-icon-png-60x60-1-e1653568812497.png 57w, https:\/\/ceepus.rgf.bg.ac.rs\/wp-content\/uploads\/2022\/05\/pdf-icon-png-60x60-1-e1653568812497-50x50.png 50w\" sizes=\"auto, (max-width: 57px) 100vw, 57px\" \/><\/a><\/figure>\n<\/div>\n\n\n<p>\u0160ari\u0107, K., Fociro, A., Wagreich, M., Ortner, H., von Hagke, Ch, Gawlick, H-J., Gerl\u0161ov\u00e1, E., Babaji\u0107, E., Tiblja\u0161, D., Borojevi\u0107 \u0160o\u0161tari\u0107, S., Kazmer, M., Burda, J., Machaniec, E., Trojanowska Olichwer, A., G\u00e1l, \u00c1., Tibuleac, P., Gale, L., Nemec, O., Duri\u0161ka, I., H\u00f6ck, V., Ionescu, C., 2023: CEEPUS network CIII-RS-0038: More than two decades of supporting current educational and scientific trends in geosciences. III Congress of Geologists of Bosnia and Herzegovina with international participation, Neum, September 20-23, 2023. Book of abstracts, 213-218.<\/p>\n\n\n<div class=\"wp-block-image\">\n<figure class=\"alignright\"><a href=\"https:\/\/ceepus.rgf.bg.ac.rs\/wp-content\/uploads\/2023\/09\/Saric-presentation-Neum-2023.pdf\"><img loading=\"lazy\" decoding=\"async\" width=\"57\" height=\"57\" src=\"https:\/\/ceepus.rgf.bg.ac.rs\/wp-content\/uploads\/2022\/05\/pdf-icon-png-60x60-1-e1653568812497.png\" alt=\"\" class=\"wp-image-239\" srcset=\"https:\/\/ceepus.rgf.bg.ac.rs\/wp-content\/uploads\/2022\/05\/pdf-icon-png-60x60-1-e1653568812497.png 57w, https:\/\/ceepus.rgf.bg.ac.rs\/wp-content\/uploads\/2022\/05\/pdf-icon-png-60x60-1-e1653568812497-50x50.png 50w\" sizes=\"auto, (max-width: 57px) 100vw, 57px\" \/><\/a><\/figure>\n<\/div>\n\n\n<p>Presentation: \u201cCEEPUS network CIII-RS-0038: More than two decades of supporting current educational and scientific trends in geosciences\u201c.<\/p>\n\n\n\n<hr class=\"wp-block-separator has-alpha-channel-opacity is-style-wide\"\/>\n\n\n<div class=\"wp-block-image\">\n<figure class=\"alignright\"><a href=\"https:\/\/drive.google.com\/file\/d\/16F6qFesorlJQ6ngnOgCewSSdn3tukrC9\/view?usp=sharing\"><img loading=\"lazy\" decoding=\"async\" width=\"57\" height=\"57\" src=\"https:\/\/ceepus.rgf.bg.ac.rs\/wp-content\/uploads\/2022\/05\/pdf-icon-png-60x60-1-e1653568812497.png\" alt=\"\" class=\"wp-image-239\" srcset=\"https:\/\/ceepus.rgf.bg.ac.rs\/wp-content\/uploads\/2022\/05\/pdf-icon-png-60x60-1-e1653568812497.png 57w, https:\/\/ceepus.rgf.bg.ac.rs\/wp-content\/uploads\/2022\/05\/pdf-icon-png-60x60-1-e1653568812497-50x50.png 50w\" sizes=\"auto, (max-width: 57px) 100vw, 57px\" \/><\/a><\/figure>\n<\/div>\n\n\n<p>\u0160ari\u0107, K., Fociro, A., Wagreich, M., Ortner, H., von Hagke, C., Gawlick, H-J., Gerl\u0161ov\u00e1, E., Tiblja\u0161, D., Kazmer, M., Bujtor, L., Burda, J., Machaniec, E., Trojanowska Olichwer, A., G\u00e1l, 13, \u00c1., Tibuleac, P., Gale, L., Fridrichov\u00e1, J., Duri\u0161ka, I., 2022: CEEPUS network CIII-RS-0038: improving geological education to better serving the society. XXII International Congress of the Carpathian-Balkan Geological Association, 7\u201311 September 2022, Plovdiv, Bulgaria, 250p.<\/p>\n\n\n<div class=\"wp-block-image\">\n<figure class=\"alignright\"><a href=\"https:\/\/drive.google.com\/file\/d\/1-vXshf2LsSAUQ1uC6XBcV7_AeRO9FTuc\/view?usp=sharing\"><img loading=\"lazy\" decoding=\"async\" width=\"57\" height=\"57\" src=\"https:\/\/ceepus.rgf.bg.ac.rs\/wp-content\/uploads\/2022\/05\/pdf-icon-png-60x60-1-e1653568812497.png\" alt=\"\" class=\"wp-image-239\" srcset=\"https:\/\/ceepus.rgf.bg.ac.rs\/wp-content\/uploads\/2022\/05\/pdf-icon-png-60x60-1-e1653568812497.png 57w, https:\/\/ceepus.rgf.bg.ac.rs\/wp-content\/uploads\/2022\/05\/pdf-icon-png-60x60-1-e1653568812497-50x50.png 50w\" sizes=\"auto, (max-width: 57px) 100vw, 57px\" \/><\/a><\/figure>\n<\/div>\n\n\n<p>Presentation: \u201cCEEPUS network CIII-RS-0038: improving geological education to better serving the society\u201d. <\/p>\n\n\n\n<hr class=\"wp-block-separator has-alpha-channel-opacity is-style-wide\"\/>\n\n\n<div class=\"wp-block-image\">\n<figure class=\"alignright\"><a href=\"https:\/\/drive.google.com\/file\/d\/11xRvWMrwjbOonhQS7hN7u6jiwlPSo9nB\/view?usp=sharing\"><img loading=\"lazy\" decoding=\"async\" width=\"57\" height=\"57\" src=\"https:\/\/ceepus.rgf.bg.ac.rs\/wp-content\/uploads\/2022\/05\/pdf-icon-png-60x60-1-e1653568812497.png\" alt=\"\" class=\"wp-image-239\" srcset=\"https:\/\/ceepus.rgf.bg.ac.rs\/wp-content\/uploads\/2022\/05\/pdf-icon-png-60x60-1-e1653568812497.png 57w, https:\/\/ceepus.rgf.bg.ac.rs\/wp-content\/uploads\/2022\/05\/pdf-icon-png-60x60-1-e1653568812497-50x50.png 50w\" sizes=\"auto, (max-width: 57px) 100vw, 57px\" \/><\/a><\/figure>\n<\/div>\n\n\n<p>\u0160ari\u0107, K., 2022. CEEPUS network CIII-RS-0038 at the Faculty of&nbsp;Mining and Geology, University of Belgrade: more than twenty years of contribution to student and teacher mobility. XVIII Serbian Geological Congress &#8220;Geology solves the problems&#8221;, June 1-4 2022, Div\u010dibare, 228-229.<\/p>\n\n\n<div class=\"wp-block-image\">\n<figure class=\"alignright\"><a href=\"https:\/\/drive.google.com\/file\/d\/1VNen2AlDYBumneP5EtcxcqRppJRwiRyP\/view?usp=sharing\"><img loading=\"lazy\" decoding=\"async\" width=\"57\" height=\"57\" src=\"https:\/\/ceepus.rgf.bg.ac.rs\/wp-content\/uploads\/2022\/05\/pdf-icon-png-60x60-1-e1653568812497.png\" alt=\"\" class=\"wp-image-239\" srcset=\"https:\/\/ceepus.rgf.bg.ac.rs\/wp-content\/uploads\/2022\/05\/pdf-icon-png-60x60-1-e1653568812497.png 57w, https:\/\/ceepus.rgf.bg.ac.rs\/wp-content\/uploads\/2022\/05\/pdf-icon-png-60x60-1-e1653568812497-50x50.png 50w\" sizes=\"auto, (max-width: 57px) 100vw, 57px\" \/><\/a><\/figure>\n<\/div>\n\n\n<p>Presentation: \u201cCEEPUS network CIII-RS-0038 at the Faculty of\u00a0Mining and Geology, University of Belgrade: more than twenty years of contribution to student and teacher mobility\u201d.<\/p>\n\n\n\n<hr class=\"wp-block-separator has-alpha-channel-opacity is-style-wide\"\/>\n\n\n<div class=\"wp-block-image\">\n<figure class=\"alignright\"><a href=\"https:\/\/drive.google.com\/file\/d\/1FB4qHLRmJSA5PnKkCv6-ObclmWB70EZ4\/view?usp=sharing\"><img loading=\"lazy\" decoding=\"async\" width=\"57\" height=\"57\" src=\"https:\/\/ceepus.rgf.bg.ac.rs\/wp-content\/uploads\/2022\/05\/pdf-icon-png-60x60-1-e1653568812497.png\" alt=\"\" class=\"wp-image-239\" srcset=\"https:\/\/ceepus.rgf.bg.ac.rs\/wp-content\/uploads\/2022\/05\/pdf-icon-png-60x60-1-e1653568812497.png 57w, https:\/\/ceepus.rgf.bg.ac.rs\/wp-content\/uploads\/2022\/05\/pdf-icon-png-60x60-1-e1653568812497-50x50.png 50w\" sizes=\"auto, (max-width: 57px) 100vw, 57px\" \/><\/a><\/figure>\n<\/div>\n\n\n<p>\u0160ari\u0107, K., Ionescu, C. 2018: The CEEPUS network \u201cEarth-Science Studies in Central and South-Eastern Europe\u201d \u2013 nineteen years of challenges and success. XXI International Congress of the Carpathian Balkan Geological Association (CBGA), Salzburg, September 10-13, 2018, (Eds): Franz Neubauer, Uwe Brendel &amp; Gertrude Friedl, Geologica Balcanica, Abstract Volume, 388 p.<\/p>\n","protected":false},"excerpt":{"rendered":"<p>\u0160ari\u0107, K., Prelevi\u0107, D., Marjanovi\u0107, M., Stojadinovi\u0107, U., Simi\u0107, V., 2024: Improvement of education through the cooperation between CEEPUS EURO<\/p>\n<p><a href=\"https:\/\/ceepus.rgf.bg.ac.rs\/?page_id=80\" class=\"more-link\">Continue reading<span class=\"screen-reader-text\">Dissemination<\/span><\/a><\/p>\n","protected":false},"author":2,"featured_media":0,"parent":0,"menu_order":0,"comment_status":"closed","ping_status":"closed","template":"","meta":{"footnotes":""},"class_list":["post-80","page","type-page","status-publish","hentry"],"_links":{"self":[{"href":"https:\/\/ceepus.rgf.bg.ac.rs\/index.php?rest_route=\/wp\/v2\/pages\/80","targetHints":{"allow":["GET"]}}],"collection":[{"href":"https:\/\/ceepus.rgf.bg.ac.rs\/index.php?rest_route=\/wp\/v2\/pages"}],"about":[{"href":"https:\/\/ceepus.rgf.bg.ac.rs\/index.php?rest_route=\/wp\/v2\/types\/page"}],"author":[{"embeddable":true,"href":"https:\/\/ceepus.rgf.bg.ac.rs\/index.php?rest_route=\/wp\/v2\/users\/2"}],"replies":[{"embeddable":true,"href":"https:\/\/ceepus.rgf.bg.ac.rs\/index.php?rest_route=%2Fwp%2Fv2%2Fcomments&post=80"}],"version-history":[{"count":20,"href":"https:\/\/ceepus.rgf.bg.ac.rs\/index.php?rest_route=\/wp\/v2\/pages\/80\/revisions"}],"predecessor-version":[{"id":1434,"href":"https:\/\/ceepus.rgf.bg.ac.rs\/index.php?rest_route=\/wp\/v2\/pages\/80\/revisions\/1434"}],"wp:attachment":[{"href":"https:\/\/ceepus.rgf.bg.ac.rs\/index.php?rest_route=%2Fwp%2Fv2%2Fmedia&parent=80"}],"curies":[{"name":"wp","href":"https:\/\/api.w.org\/{rel}","templated":true}]}}